{"id":99,"date":"2025-04-22T11:59:03","date_gmt":"2025-04-22T09:59:03","guid":{"rendered":"http:\/\/qualio314.fr\/Qualio3.14\/index.php\/contact\/"},"modified":"2025-10-30T15:35:21","modified_gmt":"2025-10-30T14:35:21","slug":"contact-qualio3-14","status":"publish","type":"page","link":"https:\/\/www.qualio314.fr\/index.php\/contact-qualio3-14\/","title":{"rendered":"Contact"},"content":{"rendered":"\n    \n    <section class=\"u-align-center u-clearfix u-container-align-center u-image u-shading u-section-2\" src=\"\" id=\"carousel_3dba\" data-image-width=\"7990\" data-image-height=\"5327\" style=\"background-image: linear-gradient(0deg, rgba(0, 0, 0, 0.3), rgba(0, 0, 0, 0.3)), url(&quot;https:\/\/www.qualio314.fr\/wp-content\/uploads\/2025\/04\/top-view-blue-monday-concept-composition-with-telephone-scaled.jpg&quot;);\">\n      <div class=\"u-clearfix u-sheet u-valign-middle-lg u-valign-middle-md u-valign-middle-sm u-valign-middle-xs u-sheet-1\">\n        <h1 class=\"u-align-center u-text u-text-body-alt-color u-text-default u-text-1\">Contactez-nous<\/h1>\n      <\/div>\n    <\/section>\n    <section class=\"u-align-center u-clearfix u-container-align-center u-container-align-center-lg u-container-align-center-xl u-palette-1-light-3 u-section-3\" id=\"sec-3f19\">\n      <div class=\"u-clearfix u-sheet u-valign-middle-lg u-valign-middle-md u-valign-middle-sm u-sheet-1\">\n        <h2 class=\"u-align-center u-text u-text-1\">Notre \u00e9quipe<\/h2>\n        <p class=\"u-align-center u-text u-text-2\"> un duo p\u00e8re-fille port\u00e9 par une m\u00eame conviction \u2013&nbsp;celle que <span style=\"font-weight: 700;\">l\u2019accompagnement sinc\u00e8re transforme les trajectoires, personnelles comme professionnelles.<\/span>\n        <\/p>\n        <div class=\"custom-expanded u-list u-list-1\">\n          <div class=\"u-repeater u-repeater-1\">\n            <div class=\"u-align-center u-container-align-center u-container-style u-list-item u-repeater-item u-shape-rectangle u-white u-list-item-1\">\n              <div class=\"u-container-layout u-similar-container u-valign-bottom-xl u-valign-top-lg u-valign-top-sm u-valign-top-xs u-container-layout-1\">\n                <img decoding=\"async\" alt=\"Sylvain Delahaye dirigeant de Qualio 3.14\" class=\"u-expanded-width u-image u-image-default u-image-1\" data-image-width=\"240\" data-image-height=\"265\" src=\"https:\/\/www.qualio314.fr\/wp-content\/uploads\/2025\/04\/Dr-Sylvain-Delahaye-2.jpg\" title=\"Sylvain Delahaye dirigeant de Qualio 3.14\">\n                <h4 class=\"u-align-center u-text u-text-3\">Sylvain Delahaye<\/h4>\n                <h6 class=\"u-align-center u-text u-text-grey-50 u-text-4\">Dirigeant Qualio 3.14<br>\n                  <a href=\"tel:06 42 80 36 37\" class=\"u-active-none u-border-none u-btn u-button-link u-button-style u-hover-none u-none u-text-palette-2-base u-btn-1\">06 42 80 36 37<br>\n                  <\/a>\n                  <a href=\"mailto:contact@qualio314.fr\" class=\"u-active-none u-border-none u-btn u-button-link u-button-style u-hover-none u-none u-text-palette-2-base u-btn-2\">contact@qualio314.fr<\/a>\n                <\/h6>\n              <\/div>\n            <\/div>\n            <div class=\"u-align-center u-container-align-center u-container-style u-list-item u-repeater-item u-shape-rectangle u-white u-list-item-2\">\n              <div class=\"u-container-layout u-similar-container u-valign-bottom-xl u-valign-top-lg u-valign-top-sm u-valign-top-xs u-container-layout-2\">\n                <img decoding=\"async\" alt=\"Albane Delahaye dirigeante Qualio 3.14\" class=\"u-expanded-width u-image u-image-default u-image-2\" data-image-width=\"800\" data-image-height=\"800\" src=\"https:\/\/www.qualio314.fr\/wp-content\/uploads\/2025\/04\/albane-2.jpg\" title=\"Albane Delahaye dirigeante Qualio 3.14\">\n                <h4 class=\"u-align-center u-text u-text-5\">Albane Delahaye<\/h4>\n                <h6 class=\"u-align-center u-text u-text-grey-50 u-text-6\">Associ\u00e9e Qualio 3.14<br>\n                  <a href=\"tel:06 38 05 97 87\" class=\"u-active-none u-border-none u-btn u-button-link u-button-style u-hover-none u-none u-text-palette-2-base u-btn-3\">06 38 05 97 87<\/a>\n                  <br>\n                  <a href=\"mailto:contact@qualio314.fr\" class=\"u-active-none u-border-none u-btn u-button-link u-button-style u-hover-none u-none u-text-palette-2-base u-btn-4\">contact@qualio314.fr<\/a>\n                <\/h6>\n              <\/div>\n            <\/div>\n          <\/div>\n        <\/div>\n      <\/div>\n    <\/section>\n    <section class=\"u-clearfix u-container-align-center u-section-4\" id=\"carousel_4581\">\n      <div class=\"u-clearfix u-sheet u-valign-middle-lg u-valign-middle-sm u-sheet-1\">\n        <div class=\"data-layout-selected u-clearfix u-expanded-width u-gutter-0 u-layout-wrap u-layout-wrap-1\">\n          <div class=\"u-gutter-0 u-layout\">\n            <div class=\"u-layout-row\">\n              <div class=\"u-container-style u-layout-cell u-size-29-lg u-size-29-xl u-size-60-md u-size-60-sm u-size-60-xs u-layout-cell-1\">\n                <div class=\"u-container-layout u-valign-middle-lg u-container-layout-1\">\n                  <h3 class=\"u-align-left u-text u-text-1\">Inscriptions, questions, devis : Contactez-nous <\/h3>\n                  <div class=\"u-expanded-width u-form u-grey-5 u-radius-50 u-form-1\">\n                    <form action=\"https:\/\/service.nicepagesrv.com\/form\/v4\/form-process\" class=\"u-clearfix u-form-spacing-20 u-form-vertical u-inner-form\" source=\"email\" name=\"form\" style=\"padding: 30px;\">\n                      <div class=\"u-form-group u-form-name\">\n                        <label for=\"name-b064\" class=\"u-label u-label-1\">Nom<\/label>\n                        <input type=\"text\" placeholder=\"Votre nom\" id=\"name-b064\" name=\"name\" class=\"u-border-none u-input u-input-rectangle u-radius-20\" required=\"\">\n                      <\/div>\n                      <div class=\"u-form-email u-form-group\">\n                        <label for=\"email-b064\" class=\"u-label u-label-2\">Email<\/label>\n                        <input type=\"email\" placeholder=\"Votre adresse mail\" id=\"email-b064\" name=\"email\" class=\"u-border-none u-input u-input-rectangle u-radius-20\" required=\"\">\n                      <\/div>\n                      <div class=\"u-form-group u-form-message\">\n                        <label for=\"message-b064\" class=\"u-label u-label-3\">Message<\/label>\n                        <textarea placeholder=\"Votre message\" rows=\"4\" cols=\"50\" id=\"message-b064\" name=\"message\" class=\"u-border-none u-input u-input-rectangle u-radius-20\" required=\"\"><\/textarea>\n                      <\/div>\n                      <div class=\"u-align-left u-form-group u-form-submit\">\n                        <a href=\"#\" class=\"u-border-none u-btn u-btn-submit u-button-style u-palette-1-light-1 u-radius-30 u-btn-1\">Envoyer<\/a>\n                        <input type=\"submit\" value=\"submit\" class=\"u-form-control-hidden\">\n                      <\/div>\n                      <div class=\"u-form-send-message u-form-send-success\">Merci ! Votre message a \u00e9t\u00e9 envoy\u00e9.<\/div>\n                      <div class=\"u-form-send-error u-form-send-message\">Impossible d'envoyer votre message. Merci de corriger les erreurs et r\u00e9essayer.<\/div>\n                      <input type=\"hidden\" value=\"\" name=\"recaptchaResponse\">\n                      <input type=\"hidden\" name=\"formServices\" value=\"cafd6ab7-09b2-dede-e628-c7da7abc50a1;9b9e71cb-4a57-3984-b042-6f7fe9b152dd\">\n                      <input type=\"hidden\" name=\"siteKey\" value=\"6LfDyUorAAAAAOGeVigOXf3aG4HC9NZCBZRnmOex\">\n                    <\/form>\n                  <\/div>\n                  <p class=\"u-align-left u-text u-text-palette-5-dark-1 u-text-2\"> En soumettant ce formulaire, j'accepte que les informations saisies soient utilis\u00e9es, exploit\u00e9es, trait\u00e9es pour permettre de me recontacter. Pour plus d'informations, consultez notre politique de confidenti\u200balit\u00e9 o\u00f9 vous obtiendrez plus d'informations sur o\u00f9, comment et pourquoi nous stockons vos donn\u00e9es.<\/p>\n                <\/div>\n              <\/div>\n              <div class=\"u-container-style u-layout-cell u-size-31-lg u-size-31-xl u-size-60-md u-size-60-sm u-size-60-xs u-layout-cell-2\">\n                <div class=\"u-container-layout u-valign-bottom-lg u-valign-bottom-sm u-valign-bottom-xs u-container-layout-2\">\n                  <img decoding=\"async\" class=\"u-expanded-width-md u-expanded-width-sm u-expanded-width-xs u-flip-horizontal u-hidden-md u-hidden-sm u-hidden-xs u-image u-image-round u-radius u-image-1\" src=\"https:\/\/www.qualio314.fr\/wp-content\/uploads\/2025\/04\/working-woman-answer-phone-call-cafe-writing-down-making-notes-while-having-conversation-telep-min-scaled.jpg\" alt=\"Contact Qualio 3.14 \u2013 Organisme de formation en Normandie\" data-image-width=\"6000\" data-image-height=\"4000\" title=\"Contact Qualio 3.14 \u2013 Organisme de formation en Normandie\">\n                <\/div>\n              <\/div>\n            <\/div>\n          <\/div>\n        <\/div>\n      <\/div>\n    <\/section>\n    <section class=\"u-clearfix u-palette-1-base u-section-5\" id=\"sec-d416\">\n      <div class=\"u-clearfix u-sheet u-valign-middle-lg u-valign-middle-md u-valign-middle-xl u-valign-middle-xs u-sheet-1\">\n        <div class=\"data-layout-selected u-clearfix u-expanded-width u-layout-wrap u-layout-wrap-1\">\n          <div class=\"u-gutter-0 u-layout\">\n            <div class=\"u-layout-row\">\n              <div class=\"u-container-style u-layout-cell u-size-18 u-layout-cell-1\">\n                <div class=\"u-container-layout u-container-layout-1\">\n                  <img decoding=\"async\" class=\"u-image u-image-default u-image-1\" src=\"https:\/\/www.qualio314.fr\/wp-content\/uploads\/2025\/06\/couverture-catalogue.jpg\" alt=\"Catalogue de formations Qualio 3.14\" data-image-width=\"1414\" data-image-height=\"2000\" title=\"Catalogue de formations Qualio 3.14\">\n                <\/div>\n              <\/div>\n              <div class=\"u-container-style u-layout-cell u-shape-rectangle u-size-42 u-layout-cell-2\">\n                <div class=\"u-container-layout u-container-layout-2\">\n                  <h3 class=\"u-text u-text-1\">Vous pouvez \u00e9galement t\u00e9l\u00e9charger notre catalogue de formations en PDF<\/h3>\n                  <a href=\"https:\/\/www.qualio314.fr\/wp-content\/uploads\/2025\/10\/Qualio3.14-catalogue-de-formations_compressed.pdf\" class=\"u-border-none u-btn u-btn-round u-button-style u-file-link u-hover-palette-2-base u-palette-1-light-3 u-radius u-btn-1\" target=\"_blank\"><span class=\"u-file-icon u-icon u-text-palette-2-dark-1\"><img decoding=\"async\" src=\"data:image\/png;base64,iVBORw0KGgoAAAANSUhEUgAAAIAAAACACAYAAADDPmHLAAAAAXNSR0IArs4c6QAACHRJREFUeF7tnV1sHFcVx\/9n1kkcQu2UIkCoSC1UggcaPmLgoShNqyQijddNJdKWFyToQ6V+2LPjQoOSwkJTkZbu7NhNK\/UBkHiBNkikHqdBSUWriD7QOgWlIPHAlwRCgGgbJ4R82XNgkriyKtm7M+eu773rs6+e\/z3n\/s7f\/5ld74wJ+lrWBGhZ7143j64ywFCSfJQzDDOwnoBPAOg1NOOzAB0n8GuMbF8aRb8ztK71ZbrDAMw01ByLGNhjcOgLDecciHan4XADRGx9gsIGusIA1ebY\/WAeF7IoJicaTmsjTxQTuXe09wbYFscfDhAcB7BmifGezpCtOxhFf1riukbLeW+AanNsD5h3GaXS7mJEj6S1kd3tHu7icV1ggOQwGJutwCUcSWvhFiu1DRX13wBx8k8A7zPEo+gy\/0qj8P1FRS4d770BBuPkBAH9NqAyMD0ZhWtt1DZVUw0gIKkGEMAzJdUEkJHUBBDw0wQQwDMl1QSQkdQEEPDTBBDAMyXVBJCR1AQQ8NMEEMAzJdUEkJHUBBDw0wQQwDMl1QSQkdQEEPDTBBDAMyXVBJCR1AQQ8NMEEMAzJdUEkJHUBBDw0wQQwDMl1QSQkdQEEPDTBBDAMyXVBJCR1AQQ8NMEEMAzJdUEkJHUBBDw0wQQwDMl1QSQkdQEEPDTBBDAMyXVBJCR1AQQ8NMEEMAzJdUEkJHUBBDw0wQQwDMl1QSQkdQEEPDTBBDAMyXVBJCR1AQQ8NMEEMAzJdUEkJHUBBDw0wQQwDMl1QSQkdQEEPDTBBDAMyXVBJCR1AQQ8NMEEMAzJdUEkJHUBBDw0wQQwDMl1QSQkdQEEPDTBBDAMyXVBJCR1AQQ8NMEEMAzJdUEkJHUBBDw0wQQwDMl1QSQkdQEEPDTBBDAMyXVBJCR1AQQ8NMEEMAzJdUEkJHUBBDw0wQQwDMl1QSQkbSeABvr9Z7+vr6NjOBGBlaU2E4IYFUJnQnJOQBJ0YUIuMDEL56anj76Ur0+U1Rv8nirBsiHf0Vf\/0GAvP7fe+UHwodPnZzeZtMEVg1QjZN7ADxZHmBXKO9No\/ApWzuxa4BG83sgesDW5p2oy\/x4Olr7mq1erBpgKB67k8E\/trV5F+oS6EsT0chPbPVi1QBgpmoydhSMz9sCYLUu4ZdpOLIBRGyrD7sGALBj797+sytXHwb4s7Yg2KlLr\/SeP7Nl\/86d03bqX6pq3QB5E8vPBG4M3xkDLC8TuDN8pwywPEzg1vCdM0B3m8C94TtpgO40gZvDd9YAb5tgRe8RED5j8ypZXJvxau+Fs5ttX+0vtA8n3gUs1NzFdwc+m8Dx4TudAHOm8NYEHgzfCwPkTW5vNtfOZnTYm9MB49VKwFsO1GonxKeQDi\/g9Clg\/t69MYFHw\/cmAeaMcNEETEcADHT4F6Ps8lMV4s0+\/ObPbdCbBPDABN4N37sEcNgEXg7fWwO8fWHoxunA2+F7bQBHTOD18L03gGUTeD\/8rjDAPBO8AGB92cv3grpjFeJNPl3te\/lRcJGhXH6LuBQm6JrhixMg\/16\/ze+0v9Mg27771JXBqvP55wSdSoJj2bmVmw9+4563ipizk8dKZ1D4c4DBOK6Cgq2UYQCEdQBOg3CMQVM0G\/wofeD+33dyw63W7qAJnBh+9fEnPsaV7MsEHgBfNPoaMI5zgClwdmgyitJWjOb\/vG0D3LZv31UzF2aeBOOORQqcZeZdA6emk3q9nhVpxOSxHTCB9eHX6\/Vg6or+kIgeAdC7IC\/CMz0reu792X33vdEO07YMkLsOweyLAD7QzqIMeuE\/J9\/aavP0YNAE1oefx\/y7+648ROBN7fAH8A9klZvaSeOWBtjx7LOVM3\/7+8sEfK7N4pcOY96djtZyt1p7XTZBfmH46ZJNvJadW7nJ9jm\/2mjuAtGeIntg4Ferr\/7gDftvv312MV1LA1QbyYMg7C1S\/PKx5wNkA89F0esltMYkAhM4Mfxb4\/j6DMEUgJWFoTB2pqPhozIDxEl+LnlP4eKXBD9Mo\/CrJbXGZCVM4MTwcwDVOPkBgK+UhPFmGoVXlTbA9sfGPzLbk\/2hZHGA8dt0NLy+tN6gsIAJnBn+RQM0ktdB+HhZFJWZ4LoDXx\/+40L6RU8Bg43kDiJIblycxZrVfendd\/+37AZM6towgVvDf\/rpd+H0mZMAKmU5MOPOydHwmVIGGGqOPcTM3ylbPNcFyNbZvg6Y3\/8i7w6sX+2\/k\/Pl8\/9xCX8i+uZEbeThcgZoNOtM9C1JA7PEn3q+VvuNZA3T2q3j46t6ZrIHGbglX5uA52d6gkcPDQ\/nj3xx5nVLs\/nJCtOvJQ0R87cnRmt1NYCEoiWtGsASeFfKqgFcmYSlPtQAlsC7UlYN4MokLPWhBrAE3pWyagBXJmGpDzWAJfCulFUDuDIJS32oASyBd6WsGsCVSVjqoysMAOAlgK0+DNHS\/AyUpf7\/89soWcj63wIkzatWTkANIGfo9QpqAK\/HJ29eDSBn6PUKagCvxydvXg0gZ+j1CmoAr8cnb15kgME42U3Agl8olLenK3SaAAMPTUbhgncVLf618Gbzi8S0v9NN6vqdI8DEOyZrtZ8uVGFRA2xvNq+ZZfpz59rTlTtNoEJ87YFa7S+lDJCLqnHybwCL3l7U6U3o+qUJvJFG4XsXU7e8OXSw0YyIqFG6BRVaI8DMo5OjtVhkgPzBBMf61h4FcIO1nWjhMgReXn\/yxIZWD+pomQB55aE4vo4R\/ALAh8p0opolJ\/BXQnbzRBS1vLG3LQPk7W8dH+\/rmcnyOLlrybejBYsQ+P5MTxAdGh7Obypt+WrbAHMrDSXJhozpC\/MeUlT22QEtm9MD2iLw5txDugLin0+EYX66bvtV2ABtr6wHekFADeDFmDrX5P8Ac4a2vYNIoHAAAAAASUVORK5CYII=\" alt=\"\"><\/span>&nbsp;t\u00e9l\u00e9charger \n                  <\/a>\n                  <p class=\"u-text u-text-default u-text-2\"><span class=\"u-file-icon u-icon u-text-white u-icon-2\"><img decoding=\"async\" src=\"\/1210984abb2fd9\/1684337.png\" alt=\"\"><\/span>&nbsp;\u200bFaites un geste pour notre plan\u00e8te : imprimez que si necessaire ! \n                  <\/p>\n                <\/div>\n              <\/div>\n            <\/div>\n          <\/div>\n        <\/div>\n      <\/div>\n    <\/section>\n    \n    \n    \n  \n","protected":false},"excerpt":{"rendered":"<p>Contactez-nous Notre \u00e9quipe un duo p\u00e8re-fille port\u00e9 par une m\u00eame conviction \u2013&nbsp;celle que l\u2019accompagnement sinc\u00e8re transforme les trajectoires, personnelles comme professionnelles. Sylvain Delahaye Dirigeant Qualio 3.14 06 42 80 36 37 contact@qualio314.fr Albane Delahaye Associ\u00e9e Qualio 3.14 06 38 05 97 87 contact@qualio314.fr Inscriptions, questions, devis : Contactez-nous Nom Email Message Envoyer Merci ! Votre &hellip; <a href=\"https:\/\/www.qualio314.fr\/index.php\/contact-qualio3-14\/\" class=\"more-link\">Continue reading<span class=\"screen-reader-text\"> \u00ab\u00a0Contact\u00a0\u00bb<\/span><\/a><\/p>\n","protected":false},"author":1,"featured_media":0,"parent":0,"menu_order":3,"comment_status":"closed","ping_status":"closed","template":"","meta":{"footnotes":""},"class_list":["post-99","page","type-page","status-publish","hentry"],"_links":{"self":[{"href":"https:\/\/www.qualio314.fr\/index.php\/wp-json\/wp\/v2\/pages\/99","targetHints":{"allow":["GET"]}}],"collection":[{"href":"https:\/\/www.qualio314.fr\/index.php\/wp-json\/wp\/v2\/pages"}],"about":[{"href":"https:\/\/www.qualio314.fr\/index.php\/wp-json\/wp\/v2\/types\/page"}],"author":[{"embeddable":true,"href":"https:\/\/www.qualio314.fr\/index.php\/wp-json\/wp\/v2\/users\/1"}],"replies":[{"embeddable":true,"href":"https:\/\/www.qualio314.fr\/index.php\/wp-json\/wp\/v2\/comments?post=99"}],"version-history":[{"count":8,"href":"https:\/\/www.qualio314.fr\/index.php\/wp-json\/wp\/v2\/pages\/99\/revisions"}],"predecessor-version":[{"id":654,"href":"https:\/\/www.qualio314.fr\/index.php\/wp-json\/wp\/v2\/pages\/99\/revisions\/654"}],"wp:attachment":[{"href":"https:\/\/www.qualio314.fr\/index.php\/wp-json\/wp\/v2\/media?parent=99"}],"curies":[{"name":"wp","href":"https:\/\/api.w.org\/{rel}","templated":true}]}}