{"id":735,"date":"2025-09-22T10:13:05","date_gmt":"2025-09-22T08:13:05","guid":{"rendered":"https:\/\/www.qualio314.fr\/?page_id=735"},"modified":"2025-09-22T10:46:02","modified_gmt":"2025-09-22T08:46:02","slug":"reclamations","status":"publish","type":"page","link":"https:\/\/www.qualio314.fr\/index.php\/reclamations\/","title":{"rendered":"R\u00e9clamations"},"content":{"rendered":"\n    \n    <section class=\"u-clearfix u-section-2\" id=\"block-1\">\n      <div class=\"u-clearfix u-sheet u-valign-middle-xs u-sheet-1\">\n        <h1 class=\"u-align-center u-text u-text-default-lg u-text-default-xl u-text-1\">Faire une r\u00e9clamation<\/h1>\n        <p class=\"u-text u-text-default-lg u-text-default-xl u-text-2\"> Chez <b>Qualio 3.14<\/b>, nous attachons une importance particuli\u00e8re \u00e0 la qualit\u00e9 de nos formations et de nos accompagnements.\nVous disposez d\u2019un droit de signalement pour nous informer : <br> d\u2019un <b>al\u00e9a ponctuel<\/b> (incident mineur), <br> d\u2019une <b>difficult\u00e9 rencontr\u00e9e<\/b> (point d\u2019am\u00e9lioration), <br> d\u2019une <b>r\u00e9clamation<\/b> (insatisfaction formalis\u00e9e). <br>\n          <br> Chaque retour est analys\u00e9 par notre <b>r\u00e9f\u00e9rent qualit\u00e9 (Sylvain Delahaye)<\/b> afin d\u2019am\u00e9liorer nos pratiques dans le cadre de notre d\u00e9marche Qualiopi.\n        <\/p>\n      <\/div>\n    <\/section>\n    <section class=\"u-clearfix u-section-3\" id=\"sec-8d02\">\n      <div class=\"u-clearfix u-sheet u-valign-middle-lg u-valign-middle-sm u-valign-middle-xl u-sheet-1\">\n        <div class=\"data-layout-selected u-clearfix u-expanded-width u-gutter-30 u-layout-wrap u-layout-wrap-1\">\n          <div class=\"u-layout\">\n            <div class=\"u-layout-row\">\n              <div class=\"u-container-style u-grey-5 u-layout-cell u-radius u-shape-round u-size-30 u-layout-cell-1\">\n                <div class=\"u-container-layout u-container-layout-1\">\n                  <div class=\"custom-expanded u-align-center u-container-align-center u-container-align-left-lg u-container-align-left-md u-container-align-left-sm u-container-align-left-xl u-container-style u-expanded-width-lg u-expanded-width-md u-expanded-width-sm u-group u-palette-1-base u-radius u-shape-round u-group-1\">\n                    <div class=\"u-container-layout u-valign-middle-lg u-valign-middle-md u-valign-middle-xs u-container-layout-2\">\n                      <h3 class=\"u-custom-font u-font-montserrat u-text u-text-1\">Remplir le formulaire de r\u00e9clamation<\/h3>\n                    <\/div>\n                  <\/div>\n                  <img decoding=\"async\" class=\"u-image u-image-contain u-image-default u-preserve-proportions u-image-1\" src=\"https:\/\/www.qualio314.fr\/wp-content\/uploads\/2025\/09\/qr-code-reclamations.png\" alt=\"\" data-image-width=\"1148\" data-image-height=\"1148\">\n                  <p class=\"u-text u-text-default-lg u-text-default-md u-text-default-sm u-text-default-xl u-text-2\"><span style=\"font-weight: 700;\"> Scannez le QR Code<\/span> ci-dessus pour acc\u00e9der au formulaire.<br>\n                    <br>Vous pouvez \u00e9galement <span style=\"font-weight: 700;\">cliquer sur le bouton <span style=\"font-weight: 400;\">ci-dessous<\/span><\/span> :<br>\n                  <\/p>\n                  <a href=\"https:\/\/forms.gle\/mBEBuZ7aZAVzFHUQ6\" class=\"u-border-none u-btn u-btn-round u-button-style u-hover-palette-1-light-1 u-palette-2-base u-radius u-btn-1\" target=\"_blank\" rel=\"noopener\">Acc\u00e9der au formulaire <\/a>\n                <\/div>\n              <\/div>\n              <div class=\"u-container-align-left-lg u-container-align-left-md u-container-align-left-sm u-container-style u-grey-5 u-layout-cell u-radius u-shape-round u-size-30 u-layout-cell-2\">\n                <div class=\"u-container-layout u-valign-top-lg u-container-layout-3\">\n                  <div class=\"custom-expanded u-align-center u-container-align-center u-container-align-left-lg u-container-align-left-xl u-container-style u-group u-palette-2-base u-radius u-shape-round u-group-2\">\n                    <div class=\"u-container-layout u-valign-middle-lg u-valign-middle-md u-valign-middle-xs u-container-layout-4\">\n                      <h3 class=\"u-custom-font u-font-montserrat u-text u-text-default-lg u-text-default-xl u-text-3\">Envoyez votre demande autrement<\/h3>\n                    <\/div>\n                  <\/div>\n                  <p class=\"u-text u-text-4\"><span style=\"font-weight: 700;\">Adresse postale :<\/span>\n                    <br>\n                    <br>Qualio 3.14 <br>\u00c0 l\u2019attention du R\u00e9f\u00e9rent Qualit\u00e9 \u2013 Sylvain Delahaye<br>25 rue de Ponthieu\n75008 Paris \n                  <\/p>\n                  <p class=\"u-text u-text-5\"><span style=\"font-weight: 700;\"><\/span><b>Par mail<\/b> :<br>\n                    <br>Vous pouvez envoyer votre r\u00e9clamation directement \u00e0 notre r\u00e9f\u00e9rent qualit\u00e9 \u00e0 l\u2019adresse suivante :<b><span style=\"font-weight: 400;\"><\/span><\/b>\n                  <\/p>\n                  <p class=\"u-text u-text-6\">\n                    <a class=\"u-active-none u-border-none u-btn u-button-link u-button-style u-hover-none u-none u-text-palette-1-base u-btn-2\" href=\"mailto:contact@qualio314.fr\"><b><span style=\"font-weight: 400;\">contact@qualio314.fr<\/span><\/b>\n                    <\/a>\n                  <\/p>\n                <\/div>\n              <\/div>\n            <\/div>\n          <\/div>\n        <\/div>\n        <p class=\"u-text u-text-7\"> Toutes les r\u00e9clamations sont trait\u00e9es de mani\u00e8re confidentielle, dans le respect du RGPD.\nVotre retour contribue directement \u00e0 notre d\u00e9marche d\u2019am\u00e9lioration continue.<\/p>\n      <\/div>\n    <\/section>\n    \n    \n    \n  \n","protected":false},"excerpt":{"rendered":"<p>Faire une r\u00e9clamation Chez Qualio 3.14, nous attachons une importance particuli\u00e8re \u00e0 la qualit\u00e9 de nos formations et de nos accompagnements. Vous disposez d\u2019un droit de signalement pour nous informer : d\u2019un al\u00e9a ponctuel (incident mineur), d\u2019une difficult\u00e9 rencontr\u00e9e (point d\u2019am\u00e9lioration), d\u2019une r\u00e9clamation (insatisfaction formalis\u00e9e). Chaque retour est analys\u00e9 par notre r\u00e9f\u00e9rent qualit\u00e9 (Sylvain Delahaye) &hellip; <a href=\"https:\/\/www.qualio314.fr\/index.php\/reclamations\/\" class=\"more-link\">Continue reading<span class=\"screen-reader-text\"> \u00ab\u00a0R\u00e9clamations\u00a0\u00bb<\/span><\/a><\/p>\n","protected":false},"author":1,"featured_media":0,"parent":0,"menu_order":0,"comment_status":"closed","ping_status":"closed","template":"","meta":{"footnotes":""},"class_list":["post-735","page","type-page","status-publish","hentry"],"_links":{"self":[{"href":"https:\/\/www.qualio314.fr\/index.php\/wp-json\/wp\/v2\/pages\/735","targetHints":{"allow":["GET"]}}],"collection":[{"href":"https:\/\/www.qualio314.fr\/index.php\/wp-json\/wp\/v2\/pages"}],"about":[{"href":"https:\/\/www.qualio314.fr\/index.php\/wp-json\/wp\/v2\/types\/page"}],"author":[{"embeddable":true,"href":"https:\/\/www.qualio314.fr\/index.php\/wp-json\/wp\/v2\/users\/1"}],"replies":[{"embeddable":true,"href":"https:\/\/www.qualio314.fr\/index.php\/wp-json\/wp\/v2\/comments?post=735"}],"version-history":[{"count":5,"href":"https:\/\/www.qualio314.fr\/index.php\/wp-json\/wp\/v2\/pages\/735\/revisions"}],"predecessor-version":[{"id":743,"href":"https:\/\/www.qualio314.fr\/index.php\/wp-json\/wp\/v2\/pages\/735\/revisions\/743"}],"wp:attachment":[{"href":"https:\/\/www.qualio314.fr\/index.php\/wp-json\/wp\/v2\/media?parent=735"}],"curies":[{"name":"wp","href":"https:\/\/api.w.org\/{rel}","templated":true}]}}