{"id":102,"date":"2025-04-22T11:59:06","date_gmt":"2025-04-22T09:59:06","guid":{"rendered":"http:\/\/qualio314.fr\/Qualio3.14\/index.php\/infos-pratiques\/"},"modified":"2025-10-30T15:34:51","modified_gmt":"2025-10-30T14:34:51","slug":"modalites-dacces-formations","status":"publish","type":"page","link":"https:\/\/www.qualio314.fr\/index.php\/modalites-dacces-formations\/","title":{"rendered":"Infos pratiques"},"content":{"rendered":"\n    \n    <section class=\"u-align-center u-clearfix u-container-align-center u-container-align-center-lg u-container-align-center-md u-container-align-center-sm u-container-align-center-xl u-image u-shading u-section-2\" src=\"\" id=\"carousel_3dba\" data-image-width=\"1280\" data-image-height=\"853\" style=\"background-image: linear-gradient(0deg, rgba(0, 0, 0, 0.3), rgba(0, 0, 0, 0.3)), url(&quot;https:\/\/www.qualio314.fr\/wp-content\/uploads\/2025\/04\/photo-1600880292203-757bb62b4baf.jpeg&quot;);\">\n      <div class=\"u-clearfix u-sheet u-valign-middle u-sheet-1\">\n        <h1 class=\"u-align-center u-text u-text-body-alt-color u-text-default u-text-1\">Informations pratiques<\/h1>\n      <\/div>\n    <\/section>\n    <section class=\"u-clearfix u-section-3\" id=\"sec-1fb0\">\n      <div class=\"u-clearfix u-sheet u-valign-middle-lg u-valign-middle-md u-valign-middle-sm u-valign-middle-xl u-sheet-1\">\n        <h2 class=\"u-text u-text-1\">Modalit\u00e9s d'acc\u00e8s aux formations<\/h2>\n        <p class=\"u-text u-text-default u-text-palette-5-dark-2 u-text-2\"> Nos formations sont accessibles \u00e0 toute personne souhaitant d\u00e9velopper ses comp\u00e9tences, sous r\u00e9serve de r\u00e9pondre aux \u00e9ventuels pr\u00e9requis pr\u00e9cis\u00e9s dans chaque fiche programme.<br>&nbsp;<br>L\u2019inscription se fait via notre formulaire en ligne, par mail ou t\u00e9l\u00e9phone. Une fois votre demande valid\u00e9e, vous recevez une confirmation d\u2019inscription accompagn\u00e9e des informations pratiques (dates, horaires, lieu ou lien de connexion, coordonn\u00e9es du formateur). <br> Le <b>d\u00e9lai d\u2019acc\u00e8s moyen<\/b> est de <b>7 \u00e0 10 jours ouvr\u00e9s<\/b> avant le d\u00e9but de la session. Pour les formations intra-entreprises ou sur mesure, un d\u00e9lai sp\u00e9cifique peut \u00eatre d\u00e9fini en fonction de vos contraintes et de nos disponibilit\u00e9s.<br>&nbsp;<br>Nous sommes attentifs \u00e0 proposer un cadre de formation accessible \u00e0 tous. Si vous \u00eates en situation de handicap, merci de nous le signaler en amont afin d\u2019adapter nos modalit\u00e9s d\u2019accueil et de formation.&nbsp; <br><b>Pour toute question, vous pouvez contacter directement Sylvain Delahaye :<\/b><b><\/b> &#x1f4e7; <i>\n            <a href=\"mailto:contact@qualio314.fr\" class=\"u-active-none u-border-none u-btn u-button-link u-button-style u-hover-none u-none u-text-palette-1-base u-btn-1\">contact@qualio314.fr<\/a><\/i><i><\/i>&nbsp; <a href=\"tel:06 42 80 36 37\" class=\"u-active-none u-border-none u-btn u-button-link u-button-style u-hover-none u-none u-text-palette-1-base u-btn-2\">&#x1f4de; <i>06 42 80 36 37<\/i>\n          <\/a>\n        <\/p>\n      <\/div>\n    <\/section>\n    <section class=\"u-clearfix u-section-4\" id=\"block-2\">\n      <div class=\"u-clearfix u-sheet u-valign-middle-lg u-valign-middle-sm u-valign-middle-xl u-valign-middle-xs u-sheet-1\">\n        <h2 class=\"u-text u-text-1\">D\u00e9roul\u00e9 d'une formation<\/h2>\n        <p class=\"u-text u-text-default u-text-palette-5-dark-2 u-text-2\"><b>Avant la formation<\/b>, chaque participant re\u00e7oit une <b>convocation d\u00e9taill\u00e9e<\/b>, pr\u00e9cisant les dates, les horaires, le lieu (ou le lien de connexion en cas de distanciel), ainsi que les coordonn\u00e9es du formateur r\u00e9f\u00e9rent. Si besoin, un \u00e9change en amont peut \u00eatre propos\u00e9 pour clarifier les attentes ou adapter les modalit\u00e9s.<br>\n          <br><b>Pendant la formation<\/b>, les journ\u00e9es alternent apports th\u00e9oriques, mises en pratique, \u00e9changes entre pairs et accompagnement individualis\u00e9. Chaque module suit une progression p\u00e9dagogique claire, centr\u00e9e sur les objectifs op\u00e9rationnels et les comp\u00e9tences vis\u00e9es.<br>\n          <br><b>\u00c0 l\u2019issue de la formation<\/b>, un <b>questionnaire d\u2019\u00e9valuation \u00e0 chaud<\/b> vous est propos\u00e9 afin de recueillir votre niveau de satisfaction, l\u2019atteinte des objectifs p\u00e9dagogiques et vos axes de progression. Ces \u00e9l\u00e9ments nous permettent de mesurer l\u2019impact r\u00e9el de la formation et d\u2019am\u00e9liorer continuellement nos pratiques.<br>&nbsp;<br>Chaque participant re\u00e7oit une <b>attestation individuelle de formation<\/b>, mentionnant le titre de l\u2019action, la dur\u00e9e effective en heures, et les objectifs vis\u00e9s. Un <b>compte-rendu de session<\/b> peut \u00eatre transmis, synth\u00e9tisant les retours du formateur, les points forts, les \u00e9ventuelles difficult\u00e9s rencontr\u00e9es et les pistes d\u2019\u00e9volution identifi\u00e9es.&nbsp;\n        <\/p>\n      <\/div>\n    <\/section>\n    <section class=\"u-clearfix u-section-5\" id=\"sec-9435\">\n      <div class=\"u-clearfix u-sheet u-valign-middle-lg u-valign-middle-sm u-valign-middle-xl u-sheet-1\">\n        <h2 class=\"u-text u-text-1\">R\u00e8glement int\u00e9rieur de Qualio 3.14<\/h2>\n        <p class=\"u-text u-text-default u-text-palette-5-dark-2 u-text-2\"> Le r\u00e8glement int\u00e9rieur de l\u2019organisme s\u2019applique \u00e0 l\u2019ensemble des participants. Nous vous invitons \u00e0 en prendre connaissance avant le d\u00e9but de la formation :<br>\n        <\/p>\n        <p class=\"u-text u-text-default u-text-palette-5-dark-2 u-text-3\">\n          <a class=\"u-active-none u-border-none u-btn u-button-link u-button-style u-file-link u-hover-none u-none u-text-palette-2-base u-btn-1\" href=\"https:\/\/www.qualio314.fr\/wp-content\/uploads\/2025\/09\/REGLEMENTINTERIEURQUALIO31420252026.pdf\" target=\"_blank\"> LIRE LE r\u00e8glement int\u00e9rieur<span style=\"text-decoration: underline !important;\"><\/span>\n            <br>\n          <\/a>\n        <\/p>\n      <\/div>\n    <\/section>\n    <section class=\"u-align-center u-clearfix u-container-align-center u-container-align-center-lg u-container-align-center-md u-container-align-center-sm u-container-align-center-xl u-white u-section-6\" id=\"sec-43bb\">\n      <div class=\"u-clearfix u-sheet u-valign-middle-lg u-valign-middle-sm u-sheet-1\">\n        <h2 class=\"u-align-left-md u-align-left-sm u-align-left-xs u-text u-text-black u-text-1\">Faits et questions<\/h2>\n        <p class=\"u-align-left u-heading-font u-text u-text-2\"> Besoin d\u2019un compl\u00e9ment d\u2019info ? \u00c9crivez-nous directement.<\/p>\n        <div class=\"u-accordion u-expanded-width u-spacing-10 u-accordion-1\" role=\"tablist\">\n          <div class=\"u-accordion-item\">\n            <a class=\"active u-accordion-link u-active-palette-1-light-3 u-border-1 u-border-active-palette-1-light-2 u-border-grey-5 u-border-hover-palette-1-light-2 u-button-style u-grey-5 u-hover-palette-1-light-3 u-text-active-palette-2-base u-text-black u-text-hover-palette-2-base u-accordion-link-1\" id=\"link-accordion-7c0e\" aria-controls=\"accordion-7c0e\" aria-selected=\"true\" role=\"tab\"><span class=\"u-accordion-link-text\"><b>Quelles sont les conditions pour suivre une formation chez Qualio 3.14 ?<\/b><\/span><span class=\"u-accordion-link-icon u-icon u-text-grey-40 u-icon-1\"><svg class=\"u-svg-link\" preserveAspectRatio=\"xMidYMin slice\" viewBox=\"0 0 490.656 490.656\" style=\"\"><use xmlns:xlink=\"http:\/\/www.w3.org\/1999\/xlink\" xlink:href=\"#svg-4e56\"><\/use><\/svg><svg xmlns=\"http:\/\/www.w3.org\/2000\/svg\" xmlns:xlink=\"http:\/\/www.w3.org\/1999\/xlink\" version=\"1.1\" xml:space=\"preserve\" class=\"u-svg-content\" viewBox=\"0 0 490.656 490.656\" x=\"0px\" y=\"0px\" id=\"svg-4e56\" style=\"enable-background:new 0 0 490.656 490.656;\"><g><g><path d=\"M487.536,120.445c-4.16-4.16-10.923-4.16-15.083,0L245.339,347.581L18.203,120.467c-4.16-4.16-10.923-4.16-15.083,0    c-4.16,4.16-4.16,10.923,0,15.083l234.667,234.667c2.091,2.069,4.821,3.115,7.552,3.115s5.461-1.045,7.531-3.136l234.667-234.667    C491.696,131.368,491.696,124.605,487.536,120.445z\"><\/path>\n<\/g>\n<\/g><\/svg><\/span>\n            <\/a>\n            <div class=\"u-accordion-active u-accordion-pane u-align-left u-container-align-left u-container-style u-accordion-pane-1\" id=\"accordion-7c0e\" aria-labelledby=\"link-accordion-7c0e\" role=\"tabpanel\">\n              <div class=\"u-container-layout u-valign-top u-container-layout-1\">\n                <p class=\"u-text u-text-3\"> Chez Qualio 3.14, la majorit\u00e9 de nos formations sont <b>accessibles sans pr\u00e9requis<\/b>, sauf indication sp\u00e9cifique dans le descriptif.\nL\u2019inscription est possible jusqu\u2019\u00e0 <b>10 jours ouvr\u00e9s avant le d\u00e9but de la session<\/b>, sous r\u00e9serve de places disponibles.\nNos formations sont ouvertes \u00e0 tous les profils : <b>salari\u00e9s, ind\u00e9pendants, demandeurs d\u2019emploi, en reconversion professionnelle<\/b>.\nNous proposons \u00e9galement des <b>adaptations sp\u00e9cifiques<\/b> pour les personnes en situation de handicap : il suffit de nous en informer au moment de l\u2019inscription.&nbsp;\n                <\/p>\n              <\/div>\n            <\/div>\n          <\/div>\n          <div class=\"u-accordion-item\">\n            <a class=\"u-accordion-link u-active-palette-1-light-3 u-border-1 u-border-active-palette-1-light-2 u-border-grey-5 u-border-hover-palette-1-light-2 u-button-style u-grey-5 u-hover-palette-1-light-3 u-text-active-palette-2-base u-text-black u-text-hover-palette-2-base u-accordion-link-2\" id=\"link-accordion-05cb\" aria-controls=\"accordion-05cb\" aria-selected=\"false\" role=\"tab\"><span class=\"u-accordion-link-text\"><b>Les formations sont-elles \u00e9ligibles \u00e0 un financement (OPCO, CPF, etc.) ?<\/b><\/span><span class=\"u-accordion-link-icon u-icon u-text-grey-40 u-icon-2\"><svg class=\"u-svg-link\" preserveAspectRatio=\"xMidYMin slice\" viewBox=\"0 0 490.656 490.656\" style=\"\"><use xmlns:xlink=\"http:\/\/www.w3.org\/1999\/xlink\" xlink:href=\"#svg-c1b3\"><\/use><\/svg><svg xmlns=\"http:\/\/www.w3.org\/2000\/svg\" xmlns:xlink=\"http:\/\/www.w3.org\/1999\/xlink\" version=\"1.1\" xml:space=\"preserve\" class=\"u-svg-content\" viewBox=\"0 0 490.656 490.656\" x=\"0px\" y=\"0px\" id=\"svg-c1b3\" style=\"enable-background:new 0 0 490.656 490.656;\"><g><g><path d=\"M487.536,120.445c-4.16-4.16-10.923-4.16-15.083,0L245.339,347.581L18.203,120.467c-4.16-4.16-10.923-4.16-15.083,0    c-4.16,4.16-4.16,10.923,0,15.083l234.667,234.667c2.091,2.069,4.821,3.115,7.552,3.115s5.461-1.045,7.531-3.136l234.667-234.667    C491.696,131.368,491.696,124.605,487.536,120.445z\"><\/path>\n<\/g>\n<\/g><\/svg><\/span>\n            <\/a>\n            <div class=\"u-accordion-pane u-align-left u-container-align-left u-container-style u-accordion-pane-2\" id=\"accordion-05cb\" aria-labelledby=\"link-accordion-05cb\" role=\"tabpanel\">\n              <div class=\"u-container-layout u-container-layout-2\">\n                <p class=\"u-text u-text-4\"> Certaines de nos formations peuvent \u00eatre <b>\u00e9ligibles \u00e0 un financement via les OPCO<\/b>, en fonction de votre statut et des accords de branche.\nNous ne sommes pas encore certifi\u00e9s Qualiopi, mais nous vous accompagnons dans la constitution de votre dossier, notamment pour les financements mobilisables hors certification obligatoire (plan de d\u00e9veloppement des comp\u00e9tences, fonds propres, etc.).\nPour les bilans de comp\u00e9tences, un <b>financement CPF est possible<\/b> via nos partenaires habilit\u00e9s.&nbsp;\n                <\/p>\n              <\/div>\n            <\/div>\n          <\/div>\n          <div class=\"u-accordion-item\">\n            <a class=\"u-accordion-link u-active-palette-1-light-3 u-border-1 u-border-active-palette-1-light-2 u-border-grey-5 u-border-hover-palette-1-light-2 u-button-style u-grey-5 u-hover-palette-1-light-3 u-text-active-palette-2-base u-text-black u-text-hover-palette-2-base u-accordion-link-3\" id=\"link-accordion-a6bb\" aria-controls=\"accordion-a6bb\" aria-selected=\"false\" role=\"tab\"><span class=\"u-accordion-link-text\"><b>Puis-je suivre une formation si je suis en reconversion professionnelle ?<\/b><\/span><span class=\"u-accordion-link-icon u-icon u-text-grey-40 u-icon-3\"><svg class=\"u-svg-link\" preserveAspectRatio=\"xMidYMin slice\" viewBox=\"0 0 490.656 490.656\" style=\"\"><use xmlns:xlink=\"http:\/\/www.w3.org\/1999\/xlink\" xlink:href=\"#svg-aa3a\"><\/use><\/svg><svg xmlns=\"http:\/\/www.w3.org\/2000\/svg\" xmlns:xlink=\"http:\/\/www.w3.org\/1999\/xlink\" version=\"1.1\" xml:space=\"preserve\" class=\"u-svg-content\" viewBox=\"0 0 490.656 490.656\" x=\"0px\" y=\"0px\" id=\"svg-aa3a\" style=\"enable-background:new 0 0 490.656 490.656;\"><g><g><path d=\"M487.536,120.445c-4.16-4.16-10.923-4.16-15.083,0L245.339,347.581L18.203,120.467c-4.16-4.16-10.923-4.16-15.083,0    c-4.16,4.16-4.16,10.923,0,15.083l234.667,234.667c2.091,2.069,4.821,3.115,7.552,3.115s5.461-1.045,7.531-3.136l234.667-234.667    C491.696,131.368,491.696,124.605,487.536,120.445z\"><\/path>\n<\/g>\n<\/g><\/svg><\/span>\n            <\/a>\n            <div class=\"u-accordion-pane u-align-left u-container-align-left u-container-style u-accordion-pane-3\" id=\"accordion-a6bb\" aria-labelledby=\"link-accordion-a6bb\" role=\"tabpanel\">\n              <div class=\"u-container-layout u-container-layout-3\">\n                <p class=\"u-text u-text-5\"> Absolument. Nos parcours sont pens\u00e9s pour \u00eatre <b>accessibles, progressifs et concrets<\/b>, m\u00eame si vous changez de voie.\nNous accueillons de nombreux participants en reconversion dans les domaines du <b>management, de la communication, de l\u2019accompagnement ou du d\u00e9veloppement personnel<\/b>.\nNos formateurs prennent en compte votre projet, vos exp\u00e9riences pass\u00e9es et vos besoins pour <b>vous faire gagner en comp\u00e9tences et en confiance<\/b>.&nbsp;\n                <\/p>\n              <\/div>\n            <\/div>\n          <\/div>\n          <div class=\"u-accordion-item\">\n            <a class=\"u-accordion-link u-active-palette-1-light-3 u-border-1 u-border-active-palette-1-light-2 u-border-grey-5 u-border-hover-palette-1-light-2 u-button-style u-grey-5 u-hover-palette-1-light-3 u-text-active-palette-2-base u-text-black u-text-hover-palette-2-base u-accordion-link-4\" id=\"link-8410\" role=\"tab\" aria-controls=\"8410\" aria-selected=\"false\"><span class=\"u-accordion-link-text\"><b>Que comprend le tarif de la formation ?<\/b><\/span><span class=\"u-accordion-link-icon u-icon u-text-grey-40 u-icon-4\"><svg class=\"u-svg-link\" preserveAspectRatio=\"xMidYMin slice\" viewBox=\"0 0 490.656 490.656\" style=\"\"><use xlink:href=\"#svg-3def\"><\/use><\/svg><svg class=\"u-svg-content\" viewBox=\"0 0 490.656 490.656\" x=\"0px\" y=\"0px\" id=\"svg-3def\" style=\"enable-background:new 0 0 490.656 490.656;\"><g><g><path d=\"M487.536,120.445c-4.16-4.16-10.923-4.16-15.083,0L245.339,347.581L18.203,120.467c-4.16-4.16-10.923-4.16-15.083,0    c-4.16,4.16-4.16,10.923,0,15.083l234.667,234.667c2.091,2.069,4.821,3.115,7.552,3.115s5.461-1.045,7.531-3.136l234.667-234.667    C491.696,131.368,491.696,124.605,487.536,120.445z\"><\/path>\n<\/g>\n<\/g><\/svg><\/span>\n            <\/a>\n            <div class=\"u-accordion-pane u-align-left u-container-align-left u-container-style u-accordion-pane-4\" id=\"8410\" role=\"tabpanel\" aria-labelledby=\"link-8410\">\n              <div class=\"u-container-layout u-container-layout-4\">\n                <p class=\"u-text u-text-default u-text-6\"> Le tarif de chaque formation inclut :&nbsp;<br>&nbsp;- L\u2019<b>animation par un formateur expert<\/b><b><\/b>&nbsp;<br>&nbsp;- Le <b>support p\u00e9dagogique<\/b> remis \u00e0 chaque participant (papier ou num\u00e9rique)&nbsp;<br>&nbsp;- L\u2019<b>attestation de fin de formation<\/b>\n                  <br>&nbsp;- Les <b>\u00e9valuations formatives et finales<\/b>\n                  <br>&nbsp;- L\u2019<b>accompagnement avant, pendant et apr\u00e8s la session<\/b><b><\/b>\n                  <br>Des tarifs pr\u00e9f\u00e9rentiels peuvent s\u2019appliquer pour les formations intra-entreprise.&nbsp;\n                <\/p>\n              <\/div>\n            <\/div>\n          <\/div>\n          <div class=\"u-accordion-item\">\n            <a class=\"u-accordion-link u-active-palette-1-light-3 u-border-1 u-border-active-palette-1-light-2 u-border-grey-5 u-border-hover-palette-1-light-2 u-button-style u-grey-5 u-hover-palette-1-light-3 u-text-active-palette-2-base u-text-black u-text-hover-palette-2-base u-accordion-link-5\" id=\"link-7f62\" role=\"tab\" aria-controls=\"7f62\" aria-selected=\"false\"><span class=\"u-accordion-link-text\"><b>Comment se d\u00e9roule concr\u00e8tement une journ\u00e9e de formation ?<\/b><\/span><span class=\"u-accordion-link-icon u-icon u-text-grey-40 u-icon-5\"><svg class=\"u-svg-link\" preserveAspectRatio=\"xMidYMin slice\" viewBox=\"0 0 490.656 490.656\" style=\"\"><use xlink:href=\"#svg-45ff\"><\/use><\/svg><svg class=\"u-svg-content\" viewBox=\"0 0 490.656 490.656\" x=\"0px\" y=\"0px\" id=\"svg-45ff\" style=\"enable-background:new 0 0 490.656 490.656;\"><g><g><path d=\"M487.536,120.445c-4.16-4.16-10.923-4.16-15.083,0L245.339,347.581L18.203,120.467c-4.16-4.16-10.923-4.16-15.083,0    c-4.16,4.16-4.16,10.923,0,15.083l234.667,234.667c2.091,2.069,4.821,3.115,7.552,3.115s5.461-1.045,7.531-3.136l234.667-234.667    C491.696,131.368,491.696,124.605,487.536,120.445z\"><\/path>\n<\/g>\n<\/g><\/svg><\/span>\n            <\/a>\n            <div class=\"u-accordion-pane u-align-left u-container-align-left u-container-style u-accordion-pane-5\" id=\"7f62\" role=\"tabpanel\" aria-labelledby=\"link-7f62\">\n              <div class=\"u-container-layout u-container-layout-5\">\n                <p class=\"u-text u-text-default u-text-7\"> Une journ\u00e9e de formation chez Qualio 3.14 se d\u00e9roule g\u00e9n\u00e9ralement de <b>9h \u00e0 17h<\/b>, avec des <b>pauses r\u00e9guli\u00e8res et une pause d\u00e9jeuner<\/b>. Nous privil\u00e9gions une p\u00e9dagogie <b>active et participative<\/b>, combinant :&nbsp;<br>&#x2714;&#xfe0f; Des <b>apports th\u00e9oriques courts et concrets<\/b><b><\/b>&nbsp;<br>&#x2714;&#xfe0f; Des <b>mises en situation<\/b>, <b>jeux de r\u00f4le<\/b> et <b>\u00e9tudes de cas<\/b><b><\/b>&nbsp;<br>&#x2714;&#xfe0f; Des <b>\u00e9changes entre participants<\/b><b><\/b>&nbsp;<br>&#x2714;&#xfe0f; Des <b>fiches-outils et plans d\u2019action personnalis\u00e9s<\/b><b><\/b>\n                  <br> Chaque participant repart avec des <b>comp\u00e9tences imm\u00e9diatement mobilisables<\/b> dans son quotidien professionnel.&nbsp;\n                <\/p>\n              <\/div>\n            <\/div>\n          <\/div>\n        <\/div>\n      <\/div>\n    <\/section>\n    <section class=\"u-clearfix u-palette-1-base u-section-7\" id=\"sec-3659\">\n      <div class=\"u-clearfix u-sheet u-valign-middle-lg u-valign-middle-md u-valign-middle-xl u-valign-middle-xs u-sheet-1\">\n        <div class=\"data-layout-selected u-clearfix u-expanded-width u-layout-wrap u-layout-wrap-1\">\n          <div class=\"u-gutter-0 u-layout\">\n            <div class=\"u-layout-row\">\n              <div class=\"u-container-style u-layout-cell u-size-18 u-layout-cell-1\">\n                <div class=\"u-container-layout u-container-layout-1\">\n                  <img decoding=\"async\" class=\"u-image u-image-default u-image-1\" src=\"https:\/\/www.qualio314.fr\/wp-content\/uploads\/2025\/06\/couverture-catalogue.jpg\" alt=\"Catalogue de formations Qualio 3.14\" data-image-width=\"1414\" data-image-height=\"2000\" title=\"Catalogue de formations Qualio 3.14\">\n                <\/div>\n              <\/div>\n              <div class=\"u-container-style u-layout-cell u-shape-rectangle u-size-42 u-layout-cell-2\">\n                <div class=\"u-container-layout u-container-layout-2\">\n                  <h3 class=\"u-text u-text-1\">Vous pouvez \u00e9galement t\u00e9l\u00e9charger notre catalogue de formations en PDF<\/h3>\n                  <a href=\"https:\/\/www.qualio314.fr\/wp-content\/uploads\/2025\/10\/Qualio3.14-catalogue-de-formations_compressed.pdf\" class=\"u-border-none u-btn u-btn-round u-button-style u-file-link u-hover-palette-2-base u-palette-1-light-3 u-radius u-btn-1\" target=\"_blank\"><span class=\"u-file-icon u-icon u-text-palette-2-dark-1\"><img decoding=\"async\" src=\"data:image\/png;base64,iVBORw0KGgoAAAANSUhEUgAAAIAAAACACAYAAADDPmHLAAAAAXNSR0IArs4c6QAACHRJREFUeF7tnV1sHFcVx\/9n1kkcQu2UIkCoSC1UggcaPmLgoShNqyQijddNJdKWFyToQ6V+2LPjQoOSwkJTkZbu7NhNK\/UBkHiBNkikHqdBSUWriD7QOgWlIPHAlwRCgGgbJ4R82XNgkriyKtm7M+eu773rs6+e\/z3n\/s7f\/5ld74wJ+lrWBGhZ7143j64ywFCSfJQzDDOwnoBPAOg1NOOzAB0n8GuMbF8aRb8ztK71ZbrDAMw01ByLGNhjcOgLDecciHan4XADRGx9gsIGusIA1ebY\/WAeF7IoJicaTmsjTxQTuXe09wbYFscfDhAcB7BmifGezpCtOxhFf1riukbLeW+AanNsD5h3GaXS7mJEj6S1kd3tHu7icV1ggOQwGJutwCUcSWvhFiu1DRX13wBx8k8A7zPEo+gy\/0qj8P1FRS4d770BBuPkBAH9NqAyMD0ZhWtt1DZVUw0gIKkGEMAzJdUEkJHUBBDw0wQQwDMl1QSQkdQEEPDTBBDAMyXVBJCR1AQQ8NMEEMAzJdUEkJHUBBDw0wQQwDMl1QSQkdQEEPDTBBDAMyXVBJCR1AQQ8NMEEMAzJdUEkJHUBBDw0wQQwDMl1QSQkdQEEPDTBBDAMyXVBJCR1AQQ8NMEEMAzJdUEkJHUBBDw0wQQwDMl1QSQkdQEEPDTBBDAMyXVBJCR1AQQ8NMEEMAzJdUEkJHUBBDw0wQQwDMl1QSQkdQEEPDTBBDAMyXVBJCR1AQQ8NMEEMAzJdUEkJHUBBDw0wQQwDMl1QSQkdQEEPDTBBDAMyXVBJCR1AQQ8NMEEMAzJdUEkJHUBBDw0wQQwDMl1QSQkdQEEPDTBBDAMyXVBJCR1AQQ8NMEEMAzJdUEkJHUBBDw0wQQwDMl1QSQkdQEEPDTBBDAMyXVBJCR1AQQ8NMEEMAzJdUEkJHUBBDw0wQQwDMl1QSQkbSeABvr9Z7+vr6NjOBGBlaU2E4IYFUJnQnJOQBJ0YUIuMDEL56anj76Ur0+U1Rv8nirBsiHf0Vf\/0GAvP7fe+UHwodPnZzeZtMEVg1QjZN7ADxZHmBXKO9No\/ApWzuxa4BG83sgesDW5p2oy\/x4Olr7mq1erBpgKB67k8E\/trV5F+oS6EsT0chPbPVi1QBgpmoydhSMz9sCYLUu4ZdpOLIBRGyrD7sGALBj797+sytXHwb4s7Yg2KlLr\/SeP7Nl\/86d03bqX6pq3QB5E8vPBG4M3xkDLC8TuDN8pwywPEzg1vCdM0B3m8C94TtpgO40gZvDd9YAb5tgRe8RED5j8ypZXJvxau+Fs5ttX+0vtA8n3gUs1NzFdwc+m8Dx4TudAHOm8NYEHgzfCwPkTW5vNtfOZnTYm9MB49VKwFsO1GonxKeQDi\/g9Clg\/t69MYFHw\/cmAeaMcNEETEcADHT4F6Ps8lMV4s0+\/ObPbdCbBPDABN4N37sEcNgEXg7fWwO8fWHoxunA2+F7bQBHTOD18L03gGUTeD\/8rjDAPBO8AGB92cv3grpjFeJNPl3te\/lRcJGhXH6LuBQm6JrhixMg\/16\/ze+0v9Mg27771JXBqvP55wSdSoJj2bmVmw9+4563ipizk8dKZ1D4c4DBOK6Cgq2UYQCEdQBOg3CMQVM0G\/wofeD+33dyw63W7qAJnBh+9fEnPsaV7MsEHgBfNPoaMI5zgClwdmgyitJWjOb\/vG0D3LZv31UzF2aeBOOORQqcZeZdA6emk3q9nhVpxOSxHTCB9eHX6\/Vg6or+kIgeAdC7IC\/CMz0reu792X33vdEO07YMkLsOweyLAD7QzqIMeuE\/J9\/aavP0YNAE1oefx\/y7+648ROBN7fAH8A9klZvaSeOWBtjx7LOVM3\/7+8sEfK7N4pcOY96djtZyt1p7XTZBfmH46ZJNvJadW7nJ9jm\/2mjuAtGeIntg4Ferr\/7gDftvv312MV1LA1QbyYMg7C1S\/PKx5wNkA89F0esltMYkAhM4Mfxb4\/j6DMEUgJWFoTB2pqPhozIDxEl+LnlP4eKXBD9Mo\/CrJbXGZCVM4MTwcwDVOPkBgK+UhPFmGoVXlTbA9sfGPzLbk\/2hZHGA8dt0NLy+tN6gsIAJnBn+RQM0ktdB+HhZFJWZ4LoDXx\/+40L6RU8Bg43kDiJIblycxZrVfendd\/+37AZM6towgVvDf\/rpd+H0mZMAKmU5MOPOydHwmVIGGGqOPcTM3ylbPNcFyNbZvg6Y3\/8i7w6sX+2\/k\/Pl8\/9xCX8i+uZEbeThcgZoNOtM9C1JA7PEn3q+VvuNZA3T2q3j46t6ZrIHGbglX5uA52d6gkcPDQ\/nj3xx5nVLs\/nJCtOvJQ0R87cnRmt1NYCEoiWtGsASeFfKqgFcmYSlPtQAlsC7UlYN4MokLPWhBrAE3pWyagBXJmGpDzWAJfCulFUDuDIJS32oASyBd6WsGsCVSVjqoysMAOAlgK0+DNHS\/AyUpf7\/89soWcj63wIkzatWTkANIGfo9QpqAK\/HJ29eDSBn6PUKagCvxydvXg0gZ+j1CmoAr8cnb15kgME42U3Agl8olLenK3SaAAMPTUbhgncVLf618Gbzi8S0v9NN6vqdI8DEOyZrtZ8uVGFRA2xvNq+ZZfpz59rTlTtNoEJ87YFa7S+lDJCLqnHybwCL3l7U6U3o+qUJvJFG4XsXU7e8OXSw0YyIqFG6BRVaI8DMo5OjtVhkgPzBBMf61h4FcIO1nWjhMgReXn\/yxIZWD+pomQB55aE4vo4R\/ALAh8p0opolJ\/BXQnbzRBS1vLG3LQPk7W8dH+\/rmcnyOLlrybejBYsQ+P5MTxAdGh7Obypt+WrbAHMrDSXJhozpC\/MeUlT22QEtm9MD2iLw5txDugLin0+EYX66bvtV2ABtr6wHekFADeDFmDrX5P8Ac4a2vYNIoHAAAAAASUVORK5CYII=\" alt=\"\"><\/span>&nbsp;t\u00e9l\u00e9charger \n                  <\/a>\n                  <p class=\"u-text u-text-default u-text-2\"><span class=\"u-file-icon u-icon u-text-white u-icon-2\"><img decoding=\"async\" src=\"\/1210984abb2fd9\/1684337.png\" alt=\"\"><\/span>&nbsp;\u200bFaites un geste pour notre plan\u00e8te : imprimez que si necessaire ! \n                  <\/p>\n                <\/div>\n              <\/div>\n            <\/div>\n          <\/div>\n        <\/div>\n      <\/div>\n    <\/section>\n    \n    \n    \n  \n","protected":false},"excerpt":{"rendered":"<p>Informations pratiques Modalit\u00e9s d&rsquo;acc\u00e8s aux formations Nos formations sont accessibles \u00e0 toute personne souhaitant d\u00e9velopper ses comp\u00e9tences, sous r\u00e9serve de r\u00e9pondre aux \u00e9ventuels pr\u00e9requis pr\u00e9cis\u00e9s dans chaque fiche programme.&nbsp;L\u2019inscription se fait via notre formulaire en ligne, par mail ou t\u00e9l\u00e9phone. Une fois votre demande valid\u00e9e, vous recevez une confirmation d\u2019inscription accompagn\u00e9e des informations pratiques (dates, &hellip; <a href=\"https:\/\/www.qualio314.fr\/index.php\/modalites-dacces-formations\/\" class=\"more-link\">Continue reading<span class=\"screen-reader-text\"> \u00ab\u00a0Infos pratiques\u00a0\u00bb<\/span><\/a><\/p>\n","protected":false},"author":1,"featured_media":0,"parent":0,"menu_order":6,"comment_status":"closed","ping_status":"closed","template":"","meta":{"footnotes":""},"class_list":["post-102","page","type-page","status-publish","hentry"],"_links":{"self":[{"href":"https:\/\/www.qualio314.fr\/index.php\/wp-json\/wp\/v2\/pages\/102","targetHints":{"allow":["GET"]}}],"collection":[{"href":"https:\/\/www.qualio314.fr\/index.php\/wp-json\/wp\/v2\/pages"}],"about":[{"href":"https:\/\/www.qualio314.fr\/index.php\/wp-json\/wp\/v2\/types\/page"}],"author":[{"embeddable":true,"href":"https:\/\/www.qualio314.fr\/index.php\/wp-json\/wp\/v2\/users\/1"}],"replies":[{"embeddable":true,"href":"https:\/\/www.qualio314.fr\/index.php\/wp-json\/wp\/v2\/comments?post=102"}],"version-history":[{"count":14,"href":"https:\/\/www.qualio314.fr\/index.php\/wp-json\/wp\/v2\/pages\/102\/revisions"}],"predecessor-version":[{"id":625,"href":"https:\/\/www.qualio314.fr\/index.php\/wp-json\/wp\/v2\/pages\/102\/revisions\/625"}],"wp:attachment":[{"href":"https:\/\/www.qualio314.fr\/index.php\/wp-json\/wp\/v2\/media?parent=102"}],"curies":[{"name":"wp","href":"https:\/\/api.w.org\/{rel}","templated":true}]}}